{"id":5,"date":"2018-12-05T12:46:29","date_gmt":"2018-12-05T11:46:29","guid":{"rendered":"http:\/\/bassbase.de\/wordpress_sno\/?page_id=5"},"modified":"2026-01-30T09:38:53","modified_gmt":"2026-01-30T08:38:53","slug":"ueber-mich","status":"publish","type":"page","link":"https:\/\/thegincident.com\/index.php\/ueber-mich\/","title":{"rendered":"The Gincident: Upcoming Shows"},"content":{"rendered":"\n<h1 class=\"wp-block-heading\"><\/h1>\n\n\n\n<p class=\"wb-stl-custom1\"><\/p>\n\n\n<div class=\"wp-block-image\">\n<figure class=\"alignright\"><img loading=\"lazy\" decoding=\"async\" width=\"300\" height=\"200\" src=\"https:\/\/thegincident.com\/wp-content\/uploads\/2019\/01\/061518-Gincident03-300x200.jpg\" alt=\"\" class=\"wp-image-363\" srcset=\"https:\/\/thegincident.com\/wp-content\/uploads\/2019\/01\/061518-Gincident03-300x200.jpg 300w, https:\/\/thegincident.com\/wp-content\/uploads\/2019\/01\/061518-Gincident03-768x512.jpg 768w, https:\/\/thegincident.com\/wp-content\/uploads\/2019\/01\/061518-Gincident03-1024x683.jpg 1024w, https:\/\/thegincident.com\/wp-content\/uploads\/2019\/01\/061518-Gincident03-272x182.jpg 272w\" sizes=\"auto, (max-width: 300px) 100vw, 300px\" \/><\/figure>\n<\/div>\n\n\n<h1 class=\"wp-block-heading wb-stl-pagetitle\">Past&nbsp;Shows<\/h1>\n\n\n\n<p><\/p>\n\n\n\n<p><\/p>\n\n\n\n<h2 class=\"wp-block-heading has-large-font-size\"><strong>2026<\/strong><\/h2>\n\n\n\n<p>Jan. 23\u00a0 \u00a0 \u00a0 \u00a0 \u00a0 \u00a0 \u00a0<a href=\"https:\/\/share.google\/6ued1rp5nvKFRRSOf\" target=\"_blank\" rel=\"noreferrer noopener\">F-Haus<\/a><br><em>8:30 PM Lottumstr. 9<br>10115 Berlin <\/em><\/p>\n\n\n\n<p><strong>202<\/strong>5<\/p>\n\n\n\n<p>Nov. 8\u00a0 \u00a0 \u00a0 \u00a0 \u00a0 \u00a0 \u00a0<a href=\"https:\/\/thegincident.us16.list-manage.com\/track\/click?u=7554c775f771301d82ecf50fc&amp;id=c62b6c0d32&amp;e=fe13b1ad7a\" target=\"_blank\" rel=\"noreferrer noopener\">Oliwa Pub<\/a><br><em>9:00 PM Miodowa 14<br>Krak\u00f3w\/Kazimierz<\/em><\/p>\n\n\n\n<p>July 17\u00a0 \u00a0 \u00a0 \u00a0 \u00a0 \u00a0 \u00a0 \u00a0 <a href=\"https:\/\/thegincident.us16.list-manage.com\/track\/click?u=7554c775f771301d82ecf50fc&amp;id=346d4e145c&amp;e=f32a022ccf\" target=\"_blank\" rel=\"noreferrer noopener\">Caf\u00e9\u00a0Semin\u00e1\u0159<\/a><em><br><em>8:00 PM<\/em><\/em> <em>U Lu\u017eick\u00e9ho semin\u00e1\u0159e 92\/15<br>Prague Mal\u00e1 Strana<\/em><\/p>\n\n\n\n<h2 class=\"wp-block-heading\"><strong>2024<\/strong><\/h2>\n\n\n\n<p><\/p>\n\n\n\n<p>July 26&nbsp; &nbsp; &nbsp; &nbsp; &nbsp; &nbsp; &nbsp; &nbsp; <a href=\"https:\/\/thegincident.us16.list-manage.com\/track\/click?u=7554c775f771301d82ecf50fc&amp;id=346d4e145c&amp;e=f32a022ccf\" target=\"_blank\" rel=\"noreferrer noopener\">Caf\u00e9&nbsp;Semin\u00e1\u0159<\/a><em><br><em>8:00 PM<\/em><\/em> <em>            U Lu\u017eick\u00e9ho semin\u00e1\u0159e 92\/15<br>Prague               Mal\u00e1 Strana<\/em> <br><\/p>\n\n\n\n<p>Mar. 12&nbsp; &nbsp; &nbsp; &nbsp; &nbsp; &nbsp; Wild Poppies<em><br>Berlin<\/em> <br><br>Jan. 12&nbsp; &nbsp; &nbsp; &nbsp; &nbsp; &nbsp; &nbsp; <em><a href=\"https:\/\/us16.mailchimp.com\/mctx\/clicks?url=https%3A%2F%2Fwww.mauersegler-berlin.de%2F&amp;xid=ef1315ca5a&amp;uid=81263154&amp;iid=9908d98389&amp;pool=cts&amp;v=2&amp;c=1704920075&amp;h=c6cbb79401f77566c25c66f0d0ccecfe0b0d5d7cd0d50c3a58abf9b272d4b18b\" target=\"_blank\" rel=\"noreferrer noopener\">Mauersegler<\/a>, <\/em><br>8<em>:30 PM&nbsp; &nbsp; &nbsp; &nbsp; &nbsp; &nbsp; Bernauer Str. 63<br>Berlin<\/em><\/p>\n\n\n\n<p><\/p>\n\n\n\n<h2 class=\"wp-block-heading\">2023<\/h2>\n\n\n\n<p>July 20&nbsp; &nbsp; &nbsp; &nbsp; &nbsp; &nbsp; &nbsp; &nbsp;<a href=\"https:\/\/thegincident.us16.list-manage.com\/track\/click?u=7554c775f771301d82ecf50fc&amp;id=34f177dca4&amp;e=f32a022ccf\" target=\"_blank\" rel=\"noreferrer noopener\">Cafe Club Mi\u0161ensk\u00e1<\/a><br><em>8<em>:00 PM<\/em><\/em> <em>            M\u00ed\u0161ensk\u00e1 71\/3<br>Prague               Mal\u00e1 Strana<\/em><\/p>\n\n\n\n<p><\/p>\n\n\n\n<p>June 21 &nbsp; &nbsp; &nbsp; &nbsp;       &nbsp; &nbsp; &nbsp; &nbsp;  Hof Konzert<br><em>F\u00eate de la Musique<\/em><br><em>7:30 PM&nbsp; &nbsp; &nbsp; &nbsp; &nbsp; &nbsp; &nbsp; &nbsp; &nbsp; &nbsp; &nbsp;  Belzigerstr. 1<br>10827 Berlin<\/em><br><br>March 18&nbsp; &nbsp; &nbsp; &nbsp; &nbsp; &nbsp;      &nbsp; &nbsp; <a href=\"http:\/\/www.atelier-wandlungen.de\/\">Atelier Wandlungen<\/a><br><em>7:30 PM&nbsp; &nbsp; &nbsp; &nbsp; &nbsp; &nbsp; &nbsp; &nbsp; &nbsp; &nbsp; &nbsp; B\u00fclowstrasse 52 2. Hinterhof<br>10969 Berlin<\/em><br><br>January 19&nbsp; &nbsp; &nbsp; &nbsp; &nbsp; &nbsp; &nbsp; &nbsp;   <a href=\"https:\/\/cafenullpunkt.com\/en\/\">Cafe Nullpunkt<\/a><br><em>7:30 PM&nbsp; &nbsp; &nbsp; &nbsp; &nbsp; &nbsp; &nbsp; &nbsp; &nbsp; &nbsp; &nbsp; Friedrichstrasse 23B<br>10969 Berlin<\/em><\/p>\n\n\n\n<h2 class=\"wp-block-heading\">2022<\/h2>\n\n\n\n<p>December 08&nbsp; &nbsp; &nbsp; &nbsp; &nbsp; &nbsp; &nbsp; &nbsp;<a href=\"https:\/\/cafenullpunkt.com\/en\/\">Cafe Nullpunkt<\/a><br><em>7:00 PM&nbsp; &nbsp; &nbsp; &nbsp; &nbsp; &nbsp; &nbsp; &nbsp; &nbsp; &nbsp; &nbsp; &nbsp; Friedrichstrasse 23B<br>10969 Berlin<\/em><\/p>\n\n\n\n<p>October 14&nbsp; &nbsp; &nbsp; &nbsp; &nbsp; &nbsp; &nbsp; &nbsp; &nbsp; &nbsp;Arkonaplatz Wochenmarkt<br><em>6:00 PM&nbsp; &nbsp; &nbsp; &nbsp; &nbsp; &nbsp; &nbsp; &nbsp; &nbsp; &nbsp; &nbsp; &nbsp; <br>10435 Berlin<\/em><\/p>\n\n\n\n<p>September 4&nbsp; &nbsp; &nbsp; &nbsp; &nbsp; &nbsp; &nbsp; &nbsp; The Conquering Hero<br>7:30 PM.&nbsp; &nbsp; &nbsp; &nbsp; &nbsp; &nbsp; &nbsp; &nbsp; &nbsp; &nbsp; &nbsp; &nbsp;<em>262 Beulah Hill Rd.<\/em><br><em>London SE19 3HF<\/em><br><\/p>\n\n\n\n<h2 class=\"wp-block-heading\">2021<\/h2>\n\n\n\n<p>June 06&nbsp; &nbsp; &nbsp; &nbsp; &nbsp; &nbsp; &nbsp; &nbsp;&nbsp; &nbsp;&nbsp; &nbsp;&nbsp; &nbsp;&nbsp;<a href=\"https:\/\/cafenullpunkt.com\/en\/\">Cafe Nullpunkt<\/a><br><em>F\u00eate de la Musique<br>1:00 PM&nbsp; &nbsp; &nbsp; &nbsp; &nbsp; &nbsp; &nbsp; &nbsp; &nbsp; &nbsp; &nbsp; &nbsp; &nbsp;Friedrichstrasse 23B<br>10969 Berlin<\/em><\/p>\n\n\n\n<h2 class=\"wp-block-heading\">2020<\/h2>\n\n\n\n<p>June 21&nbsp; &nbsp; &nbsp; &nbsp; &nbsp; &nbsp; &nbsp; &nbsp;&nbsp; &nbsp;&nbsp; &nbsp;&nbsp; &nbsp;&nbsp; <a href=\"https:\/\/cafenullpunkt.com\/en\/\">Cafe Nullpunkt<\/a><br><em>F\u00eate de la Musique<br>1:00 PM&nbsp; &nbsp; &nbsp; &nbsp; &nbsp; &nbsp; &nbsp; &nbsp; &nbsp; &nbsp; &nbsp; &nbsp; &nbsp;Friedrichstrasse 23B<br>10969 Berlin<\/em><\/p>\n\n\n\n<p>May 29&nbsp; &nbsp; &nbsp; &nbsp; &nbsp; &nbsp; &nbsp; &nbsp; &nbsp;&nbsp; &nbsp;&nbsp; &nbsp;&nbsp; <a href=\"https:\/\/goo.gl\/maps\/QX3JDLdAXS9Rv1co6\">Bio Company<\/a><br><em>4-6 PM&nbsp; &nbsp; &nbsp; &nbsp; &nbsp; &nbsp; &nbsp; &nbsp; &nbsp; &nbsp; &nbsp; &nbsp; &nbsp;Yorckstra\u00dfe 37<br>10965 Berlin<\/em><\/p>\n\n\n\n<p>Mar. 5&nbsp; &nbsp; &nbsp; &nbsp; &nbsp; &nbsp; &nbsp; &nbsp; &nbsp; &nbsp; &nbsp; &nbsp; &nbsp; &nbsp; <a href=\"https:\/\/cafenullpunkt.com\/en\/\">Cafe Nullpunkt<\/a><br><em>7:00 PM&nbsp; &nbsp; &nbsp; &nbsp; &nbsp; &nbsp; &nbsp; &nbsp; &nbsp; &nbsp; &nbsp; &nbsp; Friedrichstrasse 23B<br>10969 Berlin<\/em><\/p>\n\n\n\n<h2 class=\"wp-block-heading\">2019<\/h2>\n\n\n\n<p class=\"wb-stl-custom1\">Nov. 7&nbsp; &nbsp; &nbsp; &nbsp; &nbsp; &nbsp; &nbsp; &nbsp; &nbsp; &nbsp; &nbsp; &nbsp; &nbsp; &nbsp; &nbsp;Cafe Nullpunkt<br><em>7:00 PM&nbsp; &nbsp; &nbsp; &nbsp; &nbsp; &nbsp; &nbsp; &nbsp; &nbsp; &nbsp; &nbsp; &nbsp; &nbsp;Friedrichstrasse 23B<br>10969 Berlin <\/em><\/p>\n\n\n\n<p class=\"wb-stl-custom1\">Oct. 11&nbsp; &nbsp; &nbsp; &nbsp; &nbsp; &nbsp; &nbsp; &nbsp; &nbsp; &nbsp; &nbsp; &nbsp; &nbsp; &nbsp; Iandi Gastrobar<br><em>9:00 PM&nbsp; &nbsp; &nbsp; &nbsp; &nbsp; &nbsp; &nbsp; &nbsp; &nbsp; &nbsp; &nbsp; &nbsp; &nbsp;Lenaustra\u00dfe 21, 12047 Berlin &nbsp;<\/em><\/p>\n\n\n\n<p class=\"wb-stl-custom1\">June 14&nbsp; &nbsp; &nbsp; &nbsp; &nbsp; &nbsp; &nbsp; &nbsp; &nbsp; &nbsp; &nbsp; &nbsp; &nbsp; &nbsp;Private Party<br><em>9:00 PM<\/em><\/p>\n\n\n\n<p class=\"wb-stl-custom1\">Apr. 12&nbsp; &nbsp; &nbsp; &nbsp; &nbsp; &nbsp; &nbsp; &nbsp; &nbsp; &nbsp; &nbsp; &nbsp; &nbsp; &nbsp; &nbsp;Private Party<br><em>10:00 PM<\/em><\/p>\n\n\n\n<p>Feb. 10&nbsp; &nbsp; &nbsp; &nbsp; &nbsp; &nbsp; &nbsp; &nbsp; &nbsp; &nbsp; &nbsp; &nbsp; &nbsp; &nbsp; &nbsp;Country Music Meeting<br><em style=\"font-size: 1.1em;\">1:30 PM&nbsp; &nbsp; &nbsp; &nbsp; &nbsp; &nbsp; &nbsp; &nbsp; &nbsp;&nbsp; &nbsp;&nbsp; &nbsp;&nbsp; <a href=\"https:\/\/goo.gl\/maps\/GXok9x7anVk\" data-finalurl=\"https:\/\/goo.gl\/maps\/GXok9x7anVk\" data-name=\"goo.gl\/maps\/GXok9x7anVk\">Fontane-Haus,<\/a>&nbsp;Berlin<\/em><\/p>\n\n\n\n<h2 class=\"wp-block-heading\">2018<\/h2>\n\n\n\n<p class=\"wb-stl-custom1\">Dec. 8&nbsp; &nbsp; &nbsp; &nbsp; &nbsp; &nbsp; &nbsp; &nbsp; &nbsp; &nbsp; &nbsp; &nbsp; &nbsp; &nbsp; &nbsp; &nbsp;Private Party<br><em>10:00 PM<\/em><\/p>\n\n\n\n<p class=\"wb-stl-custom1\">Sept. 1&nbsp; &nbsp; &nbsp; &nbsp; &nbsp; &nbsp; &nbsp; &nbsp; &nbsp; &nbsp; &nbsp; &nbsp; &nbsp; &nbsp; &nbsp; &nbsp;Private Party<br><em>10:00 PM<\/em><\/p>\n\n\n<div class=\"wp-block-image\">\n<figure class=\"alignright\"><img loading=\"lazy\" decoding=\"async\" width=\"300\" height=\"225\" src=\"http:\/\/bassbase.de\/wordpress_sno\/wp-content\/uploads\/2019\/01\/Gincident-Graffiti-in-Tunnel-300x225.jpeg\" alt=\"\" class=\"wp-image-274\" srcset=\"https:\/\/thegincident.com\/wp-content\/uploads\/2019\/01\/Gincident-Graffiti-in-Tunnel-300x225.jpeg 300w, https:\/\/thegincident.com\/wp-content\/uploads\/2019\/01\/Gincident-Graffiti-in-Tunnel-768x576.jpeg 768w, https:\/\/thegincident.com\/wp-content\/uploads\/2019\/01\/Gincident-Graffiti-in-Tunnel-1024x768.jpeg 1024w, https:\/\/thegincident.com\/wp-content\/uploads\/2019\/01\/Gincident-Graffiti-in-Tunnel.jpeg 1600w\" sizes=\"auto, (max-width: 300px) 100vw, 300px\" \/><\/figure>\n<\/div>\n\n\n<p class=\"wb-stl-custom1\">Aug. 31&nbsp; &nbsp; &nbsp; &nbsp; &nbsp; &nbsp; &nbsp; &nbsp; &nbsp; &nbsp; &nbsp; &nbsp; &nbsp; &nbsp; &nbsp; Daniels Probeb\u00fchne<br><em>7:00 PM&nbsp; &nbsp; &nbsp; &nbsp; &nbsp; &nbsp; &nbsp; &nbsp; &nbsp; &nbsp; &nbsp; &nbsp; &nbsp; &nbsp; Annenstra\u00dfe 3<br>15370 Petershagen<\/em><\/p>\n\n\n\n<p class=\"wb-stl-custom1\">June 23&nbsp; &nbsp; &nbsp; &nbsp; &nbsp; &nbsp; &nbsp; &nbsp; &nbsp; &nbsp; &nbsp; &nbsp; &nbsp; &nbsp; &nbsp;Strassenfest<br><em>5:00 PM&nbsp; &nbsp; &nbsp; &nbsp; &nbsp; &nbsp; &nbsp; &nbsp; &nbsp; &nbsp;&nbsp; &nbsp;&nbsp; &nbsp;&nbsp; &nbsp;<a href=\"https:\/\/www.facebook.com\/events\/2004657689746909\/\" target=\"_blank\" rel=\"noopener noreferrer\" data-name=\"https:\/\/www.facebook.com\/events\/2004657689746909\/\">Neuenhagen<\/a><\/em><\/p>\n\n\n\n<p class=\"wb-stl-custom1\">June 15&nbsp; &nbsp; &nbsp; &nbsp; &nbsp; &nbsp; &nbsp; &nbsp; &nbsp; &nbsp; &nbsp;&nbsp; &nbsp;&nbsp; &nbsp;&nbsp; <a href=\"https:\/\/www.facebook.com\/GalateaWineBerlin\" target=\"_blank\" rel=\"noopener noreferrer\" data-name=\"https:\/\/www.facebook.com\/GalateaWineBerlin\">Galatea Wine Bar<\/a><br><em>9:00 PM&nbsp; &nbsp; &nbsp; &nbsp; &nbsp; &nbsp; &nbsp; &nbsp; &nbsp; &nbsp;&nbsp; &nbsp;&nbsp; &nbsp;&nbsp; &nbsp;<a href=\"https:\/\/www.google.de\/maps\/place\/Lenaustra%C3%9Fe+5,+12047+Berlin\/data=!4m2!3m1!1s0x47a84fb65a897b17:0xf800a94234c32399?sa=X&amp;ved=0ahUKEwiv44zl-5PbAhXGJJoKHUEEDRQQ8gEIKDAA\" target=\"_blank\" rel=\"noopener noreferrer\" data-name=\"https:\/\/www.google.de\/maps\/place\/Lenaustra%C3%9Fe+5,+12047+Berlin\/data=!4m2!3m1!1s0x47a84fb65a897b17:0xf800a94234c32399?sa=X&amp;ved=0ahUKEwiv44zl-5PbAhXGJJoKHUEEDRQQ8gEIKDAA\">Lenaustra\u00dfe 5<\/a><br>12047&nbsp;Berlin\/Neuk\u00f6lln<\/em><\/p>\n\n\n\n<p class=\"wb-stl-custom1\">May 31&nbsp; &nbsp; &nbsp; &nbsp; &nbsp; &nbsp; &nbsp; &nbsp; &nbsp; &nbsp; &nbsp;&nbsp; &nbsp;&nbsp; &nbsp;&nbsp; &nbsp;<a href=\"http:\/\/kulturbuehne-neuenhagen.de\/wordpress\/\" target=\"_blank\" rel=\"noopener noreferrer\" data-name=\"http:\/\/kulturbuehne-neuenhagen.de\/wordpress\/\">Zur S\u00fc\u00dfen Ecke<\/a><br><em>8:00 PM&nbsp; &nbsp; &nbsp; &nbsp; &nbsp; &nbsp; &nbsp; &nbsp; &nbsp; &nbsp; &nbsp; &nbsp; &nbsp; &nbsp;Neuenhagen<\/em><\/p>\n\n\n\n<p class=\"wb-stl-custom1\">May 9&nbsp; &nbsp; &nbsp; &nbsp; &nbsp; &nbsp; &nbsp; &nbsp; &nbsp; &nbsp; &nbsp; &nbsp;&nbsp; &nbsp;&nbsp; &nbsp;&nbsp; <a href=\"https:\/\/www.facebook.com\/Culture.Container\/\" target=\"_blank\" rel=\"noopener noreferrer\" data-name=\"https:\/\/www.facebook.com\/Culture.Container\/\">Culture Container<\/a><br><em>9:00 PM&nbsp; &nbsp; &nbsp; &nbsp; &nbsp; &nbsp; &nbsp; &nbsp; &nbsp; &nbsp;&nbsp; &nbsp;&nbsp; &nbsp;&nbsp; <a href=\"https:\/\/www.google.de\/search?q=holzmarktstra%C3%9Fe+25+berlin&amp;oq=HOLTZMARKTSTRASSE+25&amp;aqs=chrome.2.69i57j0l4.4241j0j4&amp;sourceid=chrome&amp;ie=UTF-8\" target=\"_blank\" rel=\"noopener noreferrer\" data-name=\"https:\/\/www.google.de\/search?q=holzmarktstra%C3%9Fe+25+berlin&amp;oq=HOLTZMARKTSTRASSE+25&amp;aqs=chrome.2.69i57j0l4.4241j0j4&amp;sourceid=chrome&amp;ie=UTF-8\">Holzmarktstra\u00dfe 25,<\/a>&nbsp;10243 Berlin<\/em><\/p>\n\n\n\n<h2 class=\"wp-block-heading wb-stl-custom2\">2017<\/h2>\n\n\n\n<p class=\"wb-stl-custom1\">Oct. 21&nbsp; &nbsp; &nbsp; &nbsp; &nbsp; &nbsp; &nbsp; &nbsp; &nbsp; &nbsp; &nbsp; &nbsp; &nbsp; &nbsp; &nbsp; Private Party&nbsp;<br>10:00 PM<\/p>\n\n\n\n<p class=\"wb-stl-custom1\">Oct. 19&nbsp; &nbsp; &nbsp; &nbsp; &nbsp; &nbsp; &nbsp; &nbsp; &nbsp; &nbsp; &nbsp; &nbsp; &nbsp; &nbsp; &nbsp; Benefit Fundraiser, JFK Schule, Berlin<br>8:00 PM<\/p>\n\n\n\n<p class=\"wb-stl-custom1\">Sept. 8&nbsp; &nbsp; &nbsp; &nbsp; &nbsp; &nbsp; &nbsp; &nbsp; &nbsp; &nbsp; &nbsp; &nbsp; &nbsp; &nbsp; &nbsp; IPA Bar<br>10:00 PM&nbsp; &nbsp; &nbsp; &nbsp; &nbsp; &nbsp; &nbsp; &nbsp; &nbsp; &nbsp; &nbsp; &nbsp; &nbsp; Karl-Marx-Stra\u00dfe 195, 12055 Berlin<\/p>\n\n\n<div class=\"wp-block-image\">\n<figure class=\"alignright\"><img loading=\"lazy\" decoding=\"async\" width=\"300\" height=\"215\" src=\"https:\/\/thegincident.com\/wp-content\/uploads\/2019\/01\/gincident-in-neuenhagen-300x215.jpg\" alt=\"\" class=\"wp-image-401\" srcset=\"https:\/\/thegincident.com\/wp-content\/uploads\/2019\/01\/gincident-in-neuenhagen-300x215.jpg 300w, https:\/\/thegincident.com\/wp-content\/uploads\/2019\/01\/gincident-in-neuenhagen-768x550.jpg 768w, https:\/\/thegincident.com\/wp-content\/uploads\/2019\/01\/gincident-in-neuenhagen-1024x733.jpg 1024w, https:\/\/thegincident.com\/wp-content\/uploads\/2019\/01\/gincident-in-neuenhagen.jpg 2048w\" sizes=\"auto, (max-width: 300px) 100vw, 300px\" \/><\/figure>\n<\/div>\n\n\n<p class=\"wb-stl-custom1\">May 26&nbsp; &nbsp; &nbsp; &nbsp; &nbsp; &nbsp; &nbsp; &nbsp; &nbsp; &nbsp; &nbsp; &nbsp; &nbsp; &nbsp; &nbsp;Amo&#8217;s,<br>9:00 PM&nbsp; &nbsp; &nbsp; &nbsp; &nbsp; &nbsp; &nbsp; &nbsp; &nbsp; &nbsp; &nbsp; &nbsp; &nbsp; &nbsp;Reichenberger Stra\u00dfe 147, Berlin-Kreuzberg<\/p>\n\n\n\n<p>April 21&nbsp; &nbsp; &nbsp; &nbsp; &nbsp; &nbsp; &nbsp; &nbsp; &nbsp; &nbsp; &nbsp; &nbsp; &nbsp; &nbsp; &nbsp;Bar Oro Nero<br>8:00 PM&nbsp; &nbsp; &nbsp; &nbsp; &nbsp; &nbsp; &nbsp; &nbsp; &nbsp; &nbsp; &nbsp; &nbsp; &nbsp; &nbsp;Akazienstr. 10, 10823 Berlin<\/p>\n\n\n\n<p class=\"wb-stl-custom1\">Mar. &nbsp;1&nbsp; &nbsp; &nbsp; &nbsp; &nbsp; &nbsp; &nbsp; &nbsp; &nbsp; &nbsp; &nbsp; &nbsp; &nbsp; &nbsp; &nbsp; &nbsp;Lagari<br>8:30 PM&nbsp; &nbsp; &nbsp; &nbsp; &nbsp; &nbsp; &nbsp; &nbsp; &nbsp; &nbsp; &nbsp; &nbsp; &nbsp; &nbsp;Pfl\u00fcgerstra\u00dfe 19, Berlin<\/p>\n\n\n\n<h2 class=\"wp-block-heading wb-stl-custom2\">2016<\/h2>\n\n\n<div class=\"wp-block-image\">\n<figure class=\"alignright\"><img loading=\"lazy\" decoding=\"async\" width=\"225\" height=\"300\" src=\"https:\/\/thegincident.com\/wp-content\/uploads\/2019\/01\/let-the-fun-be-gincident-225x300.jpg\" alt=\"\" class=\"wp-image-397\" srcset=\"https:\/\/thegincident.com\/wp-content\/uploads\/2019\/01\/let-the-fun-be-gincident-225x300.jpg 225w, https:\/\/thegincident.com\/wp-content\/uploads\/2019\/01\/let-the-fun-be-gincident-768x1024.jpg 768w, https:\/\/thegincident.com\/wp-content\/uploads\/2019\/01\/let-the-fun-be-gincident.jpg 900w\" sizes=\"auto, (max-width: 225px) 100vw, 225px\" \/><\/figure>\n<\/div>\n\n\n<p class=\"wb-stl-custom1\">Oct. 1&nbsp; &nbsp; &nbsp; &nbsp; &nbsp; &nbsp; &nbsp; &nbsp; &nbsp; &nbsp; &nbsp; &nbsp; &nbsp; &nbsp; &nbsp; &nbsp; &nbsp;Die Leckernfabrik <br>7:30 PM&nbsp; &nbsp; &nbsp; &nbsp; &nbsp; &nbsp; &nbsp; &nbsp; &nbsp; &nbsp; &nbsp; &nbsp; &nbsp; &nbsp; &nbsp;Gustav-M\u00fcller-Stra\u00dfe 15, 10829 Berlin<\/p>\n\n\n\n<p><\/p>\n","protected":false},"excerpt":{"rendered":"<p>Past&nbsp;Shows 2026 Jan. 23\u00a0 \u00a0 \u00a0 \u00a0 \u00a0 \u00a0 \u00a0F-Haus8:30 PM Lottumstr. 910115 Berlin 2025 Nov. 8\u00a0 \u00a0 \u00a0 \u00a0 \u00a0 \u00a0 \u00a0Oliwa Pub9:00 PM Miodowa 14Krak\u00f3w\/Kazimierz July 17\u00a0 \u00a0 \u00a0 \u00a0 \u00a0 \u00a0 \u00a0 \u00a0 Caf\u00e9\u00a0Semin\u00e1\u01598:00 PM U Lu\u017eick\u00e9ho semin\u00e1\u0159e 92\/15Prague Mal\u00e1 Strana 2024 July 26&nbsp; &nbsp; &nbsp; &nbsp; &nbsp; &nbsp; &nbsp; &nbsp; Caf\u00e9&nbsp;Semin\u00e1\u01598:00 [&hellip;]<\/p>\n","protected":false},"author":1,"featured_media":0,"parent":0,"menu_order":0,"comment_status":"closed","ping_status":"closed","template":"","meta":{"footnotes":""},"class_list":["post-5","page","type-page","status-publish","hentry","post"],"_links":{"self":[{"href":"https:\/\/thegincident.com\/index.php\/wp-json\/wp\/v2\/pages\/5","targetHints":{"allow":["GET"]}}],"collection":[{"href":"https:\/\/thegincident.com\/index.php\/wp-json\/wp\/v2\/pages"}],"about":[{"href":"https:\/\/thegincident.com\/index.php\/wp-json\/wp\/v2\/types\/page"}],"author":[{"embeddable":true,"href":"https:\/\/thegincident.com\/index.php\/wp-json\/wp\/v2\/users\/1"}],"replies":[{"embeddable":true,"href":"https:\/\/thegincident.com\/index.php\/wp-json\/wp\/v2\/comments?post=5"}],"version-history":[{"count":52,"href":"https:\/\/thegincident.com\/index.php\/wp-json\/wp\/v2\/pages\/5\/revisions"}],"predecessor-version":[{"id":744,"href":"https:\/\/thegincident.com\/index.php\/wp-json\/wp\/v2\/pages\/5\/revisions\/744"}],"wp:attachment":[{"href":"https:\/\/thegincident.com\/index.php\/wp-json\/wp\/v2\/media?parent=5"}],"curies":[{"name":"wp","href":"https:\/\/api.w.org\/{rel}","templated":true}]}}